{"id":803,"date":"2018-05-16T11:51:41","date_gmt":"2018-05-16T09:51:41","guid":{"rendered":"https:\/\/ateliercos.com\/accueil\/"},"modified":"2019-06-12T12:10:43","modified_gmt":"2019-06-12T10:10:43","slug":"accueil","status":"publish","type":"page","link":"http:\/\/ateliercos.com\/en\/","title":{"rendered":"Accueil"},"content":{"rendered":"","protected":false},"excerpt":{"rendered":"","protected":false},"author":5,"featured_media":0,"parent":0,"menu_order":0,"comment_status":"closed","ping_status":"closed","template":"templates\/tpl_home.php","meta":{"_acf_changed":false,"inline_featured_image":false,"footnotes":""},"class_list":["post-803","page","type-page","status-publish","hentry"],"acf":[],"yoast_head":"<!-- This site is optimized with the Yoast SEO plugin v27.2 - https:\/\/yoast.com\/product\/yoast-seo-wordpress\/ -->\n<title>Accueil<\/title>\n<meta name=\"description\" content=\"ATELIER COS regroupe une agence d\u2019architecture, un studio de design et un cabinet de conseil sp\u00e9cialis\u00e9s en h\u00f4tellerie et r\u00e9sidentiel haut de gamme\" \/>\n<meta name=\"robots\" content=\"index, follow, max-snippet:-1, max-image-preview:large, max-video-preview:-1\" \/>\n<link rel=\"canonical\" href=\"http:\/\/ateliercos.com\/en\/accueil\/\" \/>\n<meta property=\"og:locale\" content=\"en_US\" \/>\n<meta property=\"og:type\" content=\"article\" \/>\n<meta property=\"og:title\" content=\"Accueil\" \/>\n<meta property=\"og:description\" content=\"ATELIER COS regroupe une agence d\u2019architecture, un studio de design et un cabinet de conseil sp\u00e9cialis\u00e9s en h\u00f4tellerie et r\u00e9sidentiel haut de gamme\" \/>\n<meta property=\"og:url\" content=\"http:\/\/ateliercos.com\/en\/accueil\/\" \/>\n<meta property=\"og:site_name\" content=\"ATELIER COS\" \/>\n<meta property=\"article:modified_time\" content=\"2019-06-12T10:10:43+00:00\" \/>\n<meta name=\"twitter:card\" content=\"summary_large_image\" \/>\n<script type=\"application\/ld+json\" class=\"yoast-schema-graph\">{\"@context\":\"https:\/\/schema.org\",\"@graph\":[{\"@type\":\"WebPage\",\"@id\":\"http:\/\/ateliercos.com\/en\/accueil\/\",\"url\":\"http:\/\/ateliercos.com\/en\/accueil\/\",\"name\":\"Accueil\",\"isPartOf\":{\"@id\":\"http:\/\/ateliercos.com\/#website\"},\"datePublished\":\"2018-05-16T09:51:41+00:00\",\"dateModified\":\"2019-06-12T10:10:43+00:00\",\"description\":\"ATELIER COS regroupe une agence d\u2019architecture, un studio de design et un cabinet de conseil sp\u00e9cialis\u00e9s en h\u00f4tellerie et r\u00e9sidentiel haut de gamme\",\"inLanguage\":\"en-US\",\"potentialAction\":[{\"@type\":\"ReadAction\",\"target\":[\"http:\/\/ateliercos.com\/en\/accueil\/\"]}]},{\"@type\":\"WebSite\",\"@id\":\"http:\/\/ateliercos.com\/#website\",\"url\":\"http:\/\/ateliercos.com\/\",\"name\":\"ATELIER COS\",\"description\":\"architecture &amp; patrimoine\",\"potentialAction\":[{\"@type\":\"SearchAction\",\"target\":{\"@type\":\"EntryPoint\",\"urlTemplate\":\"http:\/\/ateliercos.com\/?s={search_term_string}\"},\"query-input\":{\"@type\":\"PropertyValueSpecification\",\"valueRequired\":true,\"valueName\":\"search_term_string\"}}],\"inLanguage\":\"en-US\"}]}<\/script>\n<!-- \/ Yoast SEO plugin. -->","yoast_head_json":{"title":"Accueil","description":"ATELIER COS regroupe une agence d\u2019architecture, un studio de design et un cabinet de conseil sp\u00e9cialis\u00e9s en h\u00f4tellerie et r\u00e9sidentiel haut de gamme","robots":{"index":"index","follow":"follow","max-snippet":"max-snippet:-1","max-image-preview":"max-image-preview:large","max-video-preview":"max-video-preview:-1"},"canonical":"http:\/\/ateliercos.com\/en\/accueil\/","og_locale":"en_US","og_type":"article","og_title":"Accueil","og_description":"ATELIER COS regroupe une agence d\u2019architecture, un studio de design et un cabinet de conseil sp\u00e9cialis\u00e9s en h\u00f4tellerie et r\u00e9sidentiel haut de gamme","og_url":"http:\/\/ateliercos.com\/en\/accueil\/","og_site_name":"ATELIER COS","article_modified_time":"2019-06-12T10:10:43+00:00","twitter_card":"summary_large_image","schema":{"@context":"https:\/\/schema.org","@graph":[{"@type":"WebPage","@id":"http:\/\/ateliercos.com\/en\/accueil\/","url":"http:\/\/ateliercos.com\/en\/accueil\/","name":"Accueil","isPartOf":{"@id":"http:\/\/ateliercos.com\/#website"},"datePublished":"2018-05-16T09:51:41+00:00","dateModified":"2019-06-12T10:10:43+00:00","description":"ATELIER COS regroupe une agence d\u2019architecture, un studio de design et un cabinet de conseil sp\u00e9cialis\u00e9s en h\u00f4tellerie et r\u00e9sidentiel haut de gamme","inLanguage":"en-US","potentialAction":[{"@type":"ReadAction","target":["http:\/\/ateliercos.com\/en\/accueil\/"]}]},{"@type":"WebSite","@id":"http:\/\/ateliercos.com\/#website","url":"http:\/\/ateliercos.com\/","name":"ATELIER COS","description":"architecture &amp; patrimoine","potentialAction":[{"@type":"SearchAction","target":{"@type":"EntryPoint","urlTemplate":"http:\/\/ateliercos.com\/?s={search_term_string}"},"query-input":{"@type":"PropertyValueSpecification","valueRequired":true,"valueName":"search_term_string"}}],"inLanguage":"en-US"}]}},"_links":{"self":[{"href":"http:\/\/ateliercos.com\/en\/wp-json\/wp\/v2\/pages\/803","targetHints":{"allow":["GET"]}}],"collection":[{"href":"http:\/\/ateliercos.com\/en\/wp-json\/wp\/v2\/pages"}],"about":[{"href":"http:\/\/ateliercos.com\/en\/wp-json\/wp\/v2\/types\/page"}],"author":[{"embeddable":true,"href":"http:\/\/ateliercos.com\/en\/wp-json\/wp\/v2\/users\/5"}],"replies":[{"embeddable":true,"href":"http:\/\/ateliercos.com\/en\/wp-json\/wp\/v2\/comments?post=803"}],"version-history":[{"count":1,"href":"http:\/\/ateliercos.com\/en\/wp-json\/wp\/v2\/pages\/803\/revisions"}],"predecessor-version":[{"id":1234,"href":"http:\/\/ateliercos.com\/en\/wp-json\/wp\/v2\/pages\/803\/revisions\/1234"}],"wp:attachment":[{"href":"http:\/\/ateliercos.com\/en\/wp-json\/wp\/v2\/media?parent=803"}],"curies":[{"name":"wp","href":"https:\/\/api.w.org\/{rel}","templated":true}]}}